{"id":388,"date":"2015-10-20T18:27:52","date_gmt":"2015-10-20T15:27:52","guid":{"rendered":"http:\/\/lapaazora.rgub.ru\/?page_id=388"},"modified":"2021-08-05T19:19:00","modified_gmt":"2021-08-05T16:19:00","slug":"%d0%bd%d0%be%d0%bc%d0%b8%d0%bd%d0%b0%d1%86%d0%b8%d1%8f-%d0%b1%d0%be%d0%b1%d1%8d%d0%be%d0%b1%d0%b8","status":"publish","type":"page","link":"https:\/\/lapaazora.rgub.ru\/?page_id=388","title":{"rendered":"\u0415\u0432\u0433\u0435\u043d\u0438\u0439 \u0421\u0422\u0410\u0428\u041a\u041e\u0412 (\u041d\u0438\u0436\u043d\u0438\u0439 \u0422\u0430\u0433\u0438\u043b)"},"content":{"rendered":"<p>&nbsp;<\/p>\n<h3>2015 &bull; \u041d\u043e\u043c\u0438\u043d\u0430\u0446\u0438\u044f \u00ab\u0411\u043e\u0431\u044d\u043e\u0431\u0438\u00bb<\/h3>\n<h4 style=\"margin: 60px auto 60px;\">\u041f\u042f\u0422\u042c \u041e\u0422\u0426\u041e\u0412 \u0418 \u0414\u0412\u0415 \u041c\u0410\u0422\u0415\u0420\u0418 \u041f\u0410\u041d\u0427 \u041f\u0420\u0423\u041d\u0422\u0418\u0428\u041a\u0418<br \/>(\u0438\u0437 \u0434\u0440\u0430\u043c\u044b \u00ab\u0441\u0442\u0440\u0430\u0445\u043e\u043b\u044e\u0434\u0438\u043d\u0430\u00bb)<\/h4>\n<p>ne bo e sin&#8217; ja<br \/>\nu\u017e li tu tov ka<\/p>\n<p>pis ka chut bu nya<br \/>\nstav ka e chen ka<\/p>\n<p>met ny za dol \u017ei<br \/>\non di ra ni cy<\/p>\n<p>i chem ne toy \u017ee<br \/>\noh ko ko lya tsy<\/p>\n<p>pryn&#8217; a dvu dve k\u0161a<br \/>\nt&#8217;fu chfu kur vi\u0161 te<\/p>\n<p>u sy iz myag \u0161ey<br \/>\nvmis ti ge ri te<\/p>\n<p>pro sop li be gom<br \/>\nvgo ru ti hon&#8217; ko<\/p>\n<p>\u017ea lob nyo \u0161en&#8217; ko<br \/>\nkorb li o lo sy<\/p>\n<p><em>\u0430\u0432\u0433\u0443\u0441\u0442 &#8212; \u0441\u0435\u043d\u0442\u044f\u0431\u0440\u044c 2014<\/em><\/p>\n<h4 style=\"margin: 60px auto 60px;\">\u0412\u0421\u0415 \u0412\u0421\u0422\u0410\u042e\u0422 \u0418 \u041f\u041e\u042e\u0422<br \/>(\u0438\u0437 \u0434\u0440\u0430\u043c\u044b \u00ab\u0441\u0442\u0440\u0430\u0445\u043e\u043b\u044e\u0434\u0438\u043d\u0430)<\/h4>\n<p>ku la \u017ei cha<br \/>\nsta ro ver ka<br \/>\npo vi tu cha<br \/>\nkir sa ni cha<\/p>\n<p>iz gni loy ro<br \/>\ngo \u017ai se ke\u0161<br \/>\nse ki pu sche<br \/>\nchto by by lo<\/p>\n<p>de to rod na<br \/>\nja smer tyn ka<br \/>\nvar nak na var<br \/>\nna ke mo chal<\/p>\n<p>pod na po rom<br \/>\nbur&#8217; skri pe lo<br \/>\nji o pyat&#8217; ne<br \/>\nvy pryam lya los<\/p>\n<p>ne po god&#8217; smor<br \/>\nchok na pri jisk<br \/>\nza tru dy te<br \/>\nbe na bab ki<\/p>\n<p>su ri chi cha<br \/>\npo do kon&#8217; ju<br \/>\nu sta ve\u0161 ka<br \/>\nsi dya zyb ku<\/p>\n<p>chis to vy stry<br \/>\ngan ny o chep<br \/>\nplav no po ka<br \/>\nchi val zyb ku<\/p>\n<p>u roch li vy<br \/>\nna pod lav ku<br \/>\nvy pol zok to<br \/>\nzal to voch ku<\/p>\n<p>chto to ty ra<br \/>\nnen&#8217; ko vzbre la<br \/>\nsmot ri chto by<br \/>\nlad no by lo<\/p>\n<p>sche ni las na<br \/>\nvo set ta ta<br \/>\ngruz di chvor&#8217; do\u0161<br \/>\nla ja ba ba<\/p>\n<p>ka me nu\u0161 ku<br \/>\nlu ka ja kov<br \/>\nkak kvas sruch jem<br \/>\nlos kut&#8217; ja mi<\/p>\n<p>si ne va ta<br \/>\nklin bo ro dy<br \/>\n\u0161a ro my\u017e ka<br \/>\ncher ny \u0161o nok<\/p>\n<p>gor ba ta ja<br \/>\nko\u0161 ka mur za<br \/>\nna zgal ne u\u017e<br \/>\nva rya vle su<\/p>\n<p>si di vku ti<br \/>\npe ki ku li<br \/>\npra vo ko bel<br \/>\npri jis ko vyh<br \/>\npo tas ku \u0161ek<\/p>\n<p><em>\u0430\u0432\u0433\u0443\u0441\u0442 &#8212; \u0441\u0435\u043d\u0442\u044f\u0431\u0440\u044c 2014<\/em><\/p>\n<h4 style=\"margin: 60px auto 60px;\">\u0423 \u0421\u041e\u0411\u0410\u041a\u0418 \u041c\u041e\u041a\u0420\u042b\u0419 \u041f\u041e\u0414\u0411\u041e\u0420\u041e\u0414\u041e\u041a<\/h4>\n<p><strong>1<\/strong><br \/>\n\u0441\u0430\u043c\u0438\u0440 \u043b\u0438 \u0441\u0435 \u044f<br \/>\n\u043e \u043c\u0438 \u043b\u0451<br \/>\n\u0441\u0430\u043c\u0438\u0440 \u043b\u0438 \u043e \u043d\u0435\u0439<br \/>\n\u0447\u0443\u0440 \u043b\u0438 \u0447\u0443\u0440<\/p>\n<p><img loading=\"lazy\" decoding=\"async\" src=\"http:\/\/lapaazora.rgub.ru\/wp-content\/uploads\/2015\/10\/usobaki_01.png\" alt=\"\" width=\"400\" height=\"285\" class=\"alignleft size-full wp-image-393\" \/><br \/>\n<br clear=\"all\" \/><\/p>\n<p><strong>2<\/strong><br \/>\n\u043e \u0442\u0438\u043f \u0446\u0435<br \/>\n\u043a\u043b\u044e\u0432\u0435 \u0437\u0435\u0440\u043d\u043e<br \/>\n\u043e\u0440\u0434 \u0438 \u043e<br \/>\n\u043c\u0438\u044f \u044f\u0440\u0443<\/p>\n<p><img loading=\"lazy\" decoding=\"async\" src=\"http:\/\/lapaazora.rgub.ru\/wp-content\/uploads\/2015\/10\/usobaki_02.png\" alt=\"\" width=\"400\" height=\"285\" class=\"alignleft size-full wp-image-397\" \/><br \/>\n<br clear=\"all\" \/><\/p>\n<p><strong>3<\/strong><br \/>\n\u043f\u0435\u0440\u0435 \u0430 \u043d\u0438\u0437\u0443<br \/>\n\u043b\u043e\u0431 \u0433\u0440\u0443\u0434\u044c \u0437\u0430\u0434<br \/>\n\u043e\u043a\u0440\u0443 \u043e \u043d\u043e\u0436\u043a\u0438<br \/>\n\u043b\u0438\u0437<\/p>\n<p><img loading=\"lazy\" decoding=\"async\" src=\"http:\/\/lapaazora.rgub.ru\/wp-content\/uploads\/2015\/10\/usobaki_03.png\" alt=\"\" width=\"400\" height=\"285\" class=\"alignleft size-full wp-image-399\" \/><br \/>\n<br clear=\"all\" \/><\/p>\n<p><strong>4<\/strong><br \/>\n\u043e\u043b\u0443\u0431\u044b\u0439 \u043a\u043e\u0442\u0438<br \/>\n\u0441\u044b \u0443 \u043e\u0442\u0438<br \/>\n\u0433\u043e\u043b \u043b\u0443\u0431\u044b\u043e\u0442\u0438\u043a<br \/>\n\u043e\u043d\u043e \u0433\u0443\u0431\u044b<\/p>\n<p><img loading=\"lazy\" decoding=\"async\" src=\"http:\/\/lapaazora.rgub.ru\/wp-content\/uploads\/2015\/10\/usobaki_04.png\" alt=\"\" width=\"400\" height=\"285\" class=\"alignleft size-full wp-image-401\" \/><br \/>\n<br clear=\"all\" \/><\/p>\n<p><strong>5<\/strong><br \/>\n\u0442\u044f\u0442\u0430 \u0438 \u043d\u044f\u0442\u0430<br \/>\n\u0437\u0435\u043b\u0438 \u0435\u0441\u044f\u0442<br \/>\n\u0443\u0448\u043d\u043e \u0442\u0443\u0442\u0443\u0434\u0430<br \/>\n\u0448\u043d\u043e \u0438 \u0434\u0435\u0441\u044c<\/p>\n<p><img loading=\"lazy\" decoding=\"async\" src=\"http:\/\/lapaazora.rgub.ru\/wp-content\/uploads\/2015\/10\/usobaki_05.png\" alt=\"\" width=\"400\" height=\"285\" class=\"alignleft size-full wp-image-402\" \/><br \/>\n<br clear=\"all\" \/><\/p>\n<p><strong>6<\/strong><br \/>\n\u0432\u0443\u043f\u0438 \u0430\u0433\u043e\u0432<br \/>\n\u043a\u0438\u0440\u0438\u0432\u0430\u044e\u0442 \u0430\u0441<br \/>\n\u0448\u0435\u0440 \u0430\u043b\u044e\u0447\u0438<br \/>\n\u0437\u0430\u0440\u0436\u0430\u0432\u0435\u043b \u0437\u0430\u043c\u043e\u043a<\/p>\n<p><img loading=\"lazy\" decoding=\"async\" src=\"http:\/\/lapaazora.rgub.ru\/wp-content\/uploads\/2015\/10\/usobaki_06.png\" alt=\"\" width=\"400\" height=\"285\" class=\"alignleft size-full wp-image-404\" \/><br \/>\n<br clear=\"all\" \/><\/p>\n<p><strong>7<\/strong><br \/>\n\u0433\u0443\u0437 \u0448\u0430\u043b\u0438\u043f\u0430\u043d\u0438<br \/>\n\u043d\u0430 \u0438 \u0442\u0435\u043f\u043b\u0430<br \/>\n\u043d\u0438\u0437\u0443 \u0438\u0432\u0438<br \/>\n\u0441\u0440\u0430\u0437\u0443 \u0434\u0432\u0430 \u043e\u0434\u043d\u043e\u0439<br \/>\n\u2026<br \/>\n\u0433\u0443\u0437 \u0448\u0430\u043b\u0438\u043f\u0430\u043d\u0438<br \/>\n\u0438 \u0441 \u043d\u0438\u043c \u043d\u0430 \u043d\u0438\u0445<br \/>\n\u044f\u0433\u043a\u043e\u0435 \u0430\u043c\u043f\u043e\u0447\u043a\u0438<br \/>\n\u0445\u043e\u0436\u0443<\/p>\n<p><img loading=\"lazy\" decoding=\"async\" src=\"http:\/\/lapaazora.rgub.ru\/wp-content\/uploads\/2015\/10\/usobaki_07.png\" alt=\"\" width=\"400\" height=\"285\" class=\"alignleft size-full wp-image-405\" \/><br \/>\n<br clear=\"all\" \/><\/p>\n<p>\u0438 \u043c\u0430\u0440\u0438\u043d\u043e\u0447\u043a\u0430 \u0441\u043a\u0430\u0437\u0430\u043b\u0430<br \/>\n\u044f \u0443\u043f\u0430\u043b\u0430<br \/>\n\u0432\u0441\u0442\u0430\u043b\u0430<br \/>\n\u043f\u043e\u0442\u043e\u043c \u043e\u043f\u044f\u0442\u044c \u0443\u043f\u0430\u043b\u0430<\/p>\n<p><em>8&#8212;9 \u0438\u044e\u043b\u044f 2015<\/em><\/p>\n","protected":false},"excerpt":{"rendered":"<p>&nbsp; 2015 &bull; \u041d\u043e\u043c\u0438\u043d\u0430\u0446\u0438\u044f \u00ab\u0411\u043e\u0431\u044d\u043e\u0431\u0438\u00bb \u041f\u042f\u0422\u042c \u041e\u0422\u0426\u041e\u0412 \u0418 \u0414\u0412\u0415 \u041c\u0410\u0422\u0415\u0420\u0418 \u041f\u0410\u041d\u0427 \u041f\u0420\u0423\u041d\u0422\u0418\u0428\u041a\u0418(\u0438\u0437 \u0434\u0440\u0430\u043c\u044b \u00ab\u0441\u0442\u0440\u0430\u0445\u043e\u043b\u044e\u0434\u0438\u043d\u0430\u00bb) ne bo e sin&#8217; ja u\u017e li tu tov ka pis ka chut bu nya stav ka e chen ka met ny za dol \u017ei on di ra ni cy i chem ne toy \u017ee oh ko ko lya tsy pryn&#8217; a dvu dve k\u0161a t&#8217;fu chfu kur vi\u0161 te u sy iz myag \u0161ey vmis ti ge ri te pro sop li be gom vgo ru ti hon&#8217; ko \u017ea lob nyo \u0161en&#8217; ko korb li o lo sy \u0430\u0432\u0433\u0443\u0441\u0442 &#8212; \u0441\u0435\u043d\u0442\u044f\u0431\u0440\u044c 2014 \u0412\u0421\u0415 \u0412\u0421\u0422\u0410\u042e\u0422 \u0418 \u041f\u041e\u042e\u0422(\u0438\u0437 \u0434\u0440\u0430\u043c\u044b \u00ab\u0441\u0442\u0440\u0430\u0445\u043e\u043b\u044e\u0434\u0438\u043d\u0430) ku la \u017ei cha sta ro ver ka po vi tu cha kir sa ni cha iz gni loy ro go \u017ai se ke\u0161 se ki pu sche chto by by lo de to rod na ja smer tyn ka var nak na var na ke mo chal pod na po rom bur&#8217; skri pe lo ji o pyat&#8217; ne vy pryam lya los ne po god&#8217; smor chok na pri jisk za tru dy te be na bab ki su ri chi cha po do kon&#8217; ju u sta ve\u0161 ka si dya zyb ku [&#8230;]<\/p>\n","protected":false},"author":2,"featured_media":0,"parent":90,"menu_order":0,"comment_status":"open","ping_status":"open","template":"page-full.php","meta":{"footnotes":""},"_links":{"self":[{"href":"https:\/\/lapaazora.rgub.ru\/index.php?rest_route=\/wp\/v2\/pages\/388"}],"collection":[{"href":"https:\/\/lapaazora.rgub.ru\/index.php?rest_route=\/wp\/v2\/pages"}],"about":[{"href":"https:\/\/lapaazora.rgub.ru\/index.php?rest_route=\/wp\/v2\/types\/page"}],"author":[{"embeddable":true,"href":"https:\/\/lapaazora.rgub.ru\/index.php?rest_route=\/wp\/v2\/users\/2"}],"replies":[{"embeddable":true,"href":"https:\/\/lapaazora.rgub.ru\/index.php?rest_route=%2Fwp%2Fv2%2Fcomments&post=388"}],"version-history":[{"count":14,"href":"https:\/\/lapaazora.rgub.ru\/index.php?rest_route=\/wp\/v2\/pages\/388\/revisions"}],"predecessor-version":[{"id":1008,"href":"https:\/\/lapaazora.rgub.ru\/index.php?rest_route=\/wp\/v2\/pages\/388\/revisions\/1008"}],"up":[{"embeddable":true,"href":"https:\/\/lapaazora.rgub.ru\/index.php?rest_route=\/wp\/v2\/pages\/90"}],"wp:attachment":[{"href":"https:\/\/lapaazora.rgub.ru\/index.php?rest_route=%2Fwp%2Fv2%2Fmedia&parent=388"}],"curies":[{"name":"wp","href":"https:\/\/api.w.org\/{rel}","templated":true}]}}